{"id":4927,"date":"2025-10-01T01:29:56","date_gmt":"2025-09-30T23:29:56","guid":{"rendered":"http:\/\/localion.de\/?page_id=4927"},"modified":"2025-10-01T01:43:28","modified_gmt":"2025-09-30T23:43:28","slug":"team","status":"publish","type":"page","link":"https:\/\/localion.de\/en\/team\/","title":{"rendered":"Team"},"content":{"rendered":"<div data-elementor-type=\"wp-page\" data-elementor-id=\"4927\" class=\"elementor elementor-4927\" data-elementor-post-type=\"page\">\n\t\t\t\t<div class=\"elementor-element elementor-element-90ac25f hero hero-style-02 e-flex e-con-boxed e-con e-parent\" data-id=\"90ac25f\" data-element_type=\"container\" data-e-type=\"container\" data-settings=\"{&quot;jet_parallax_layout_list&quot;:[]}\">\n\t\t\t\t\t<div class=\"e-con-inner\">\n\t\t<div class=\"elementor-element elementor-element-3f61636 hero-content e-flex e-con-boxed e-con e-child\" data-id=\"3f61636\" data-element_type=\"container\" data-e-type=\"container\" data-settings=\"{&quot;jet_parallax_layout_list&quot;:[]}\">\n\t\t\t\t\t<div class=\"e-con-inner\">\n\t\t<div class=\"elementor-element elementor-element-b67cb63 e-flex e-con-boxed e-con e-child\" data-id=\"b67cb63\" data-element_type=\"container\" data-e-type=\"container\" data-settings=\"{&quot;jet_parallax_layout_list&quot;:[]}\">\n\t\t\t\t\t<div class=\"e-con-inner\">\n\t\t<div class=\"elementor-element elementor-element-8e5a844 e-flex e-con-boxed e-con e-child\" data-id=\"8e5a844\" data-element_type=\"container\" data-e-type=\"container\" data-settings=\"{&quot;jet_parallax_layout_list&quot;:[]}\">\n\t\t\t\t\t<div class=\"e-con-inner\">\n\t\t\t\t<div class=\"elementor-element elementor-element-8ee7cc0 subheadline elementor-widget elementor-widget-heading\" data-id=\"8ee7cc0\" data-element_type=\"widget\" data-e-type=\"widget\" data-widget_type=\"heading.default\">\n\t\t\t\t<div class=\"elementor-widget-container\">\n\t\t\t\t\t<span class=\"elementor-heading-title elementor-size-default\">Company<\/span>\t\t\t\t<\/div>\n\t\t\t\t<\/div>\n\t\t\t\t<div class=\"elementor-element elementor-element-dcb8f1c font-size-h1 font-weight-bold elementor-widget elementor-widget-heading\" data-id=\"dcb8f1c\" data-element_type=\"widget\" data-e-type=\"widget\" data-widget_type=\"heading.default\">\n\t\t\t\t<div class=\"elementor-widget-container\">\n\t\t\t\t\t<h1 class=\"elementor-heading-title elementor-size-default\">Navigating the Future\nwith Digital Precision<\/h1>\t\t\t\t<\/div>\n\t\t\t\t<\/div>\n\t\t\t\t\t<\/div>\n\t\t\t\t<\/div>\n\t\t<div class=\"elementor-element elementor-element-4b45468 e-flex e-con-boxed e-con e-child\" data-id=\"4b45468\" data-element_type=\"container\" data-e-type=\"container\" data-settings=\"{&quot;jet_parallax_layout_list&quot;:[]}\">\n\t\t\t\t\t<div class=\"e-con-inner\">\n\t\t\t\t<div class=\"elementor-element elementor-element-99d3fc1 elementor-widget elementor-widget-heading\" data-id=\"99d3fc1\" data-element_type=\"widget\" data-e-type=\"widget\" data-widget_type=\"heading.default\">\n\t\t\t\t<div class=\"elementor-widget-container\">\n\t\t\t\t\t<p class=\"elementor-heading-title elementor-size-default\">We are driven by our belief in a sustainable future of mobility. We are convinced that mobility of people and goods will be fully automated in the future.<\/p>\t\t\t\t<\/div>\n\t\t\t\t<\/div>\n\t\t\t\t<div class=\"elementor-element elementor-element-f31df74 elementor-widget elementor-widget-heading\" data-id=\"f31df74\" data-element_type=\"widget\" data-e-type=\"widget\" data-widget_type=\"heading.default\">\n\t\t\t\t<div class=\"elementor-widget-container\">\n\t\t\t\t\t<p class=\"elementor-heading-title elementor-size-default\">Our drive is fuelled by data streams and IT systems that provide the right position, the best path and the least risk to people and the environment. Information quality plays a crucial role for us.<\/p>\t\t\t\t<\/div>\n\t\t\t\t<\/div>\n\t\t\t\t\t<\/div>\n\t\t\t\t<\/div>\n\t\t\t\t\t<\/div>\n\t\t\t\t<\/div>\n\t\t\t\t\t<\/div>\n\t\t\t\t<\/div>\n\t\t<div class=\"elementor-element elementor-element-78a6cc7 hero-image e-flex e-con-boxed e-con e-child\" data-id=\"78a6cc7\" data-element_type=\"container\" data-e-type=\"container\" data-settings=\"{&quot;jet_parallax_layout_list&quot;:[]}\">\n\t\t\t\t\t<div class=\"e-con-inner\">\n\t\t\t\t<div class=\"elementor-element elementor-element-cb5510c elementor-widget elementor-widget-image\" data-id=\"cb5510c\" data-element_type=\"widget\" data-e-type=\"widget\" data-widget_type=\"image.default\">\n\t\t\t\t<div class=\"elementor-widget-container\">\n\t\t\t\t\t\t\t\t\t\t\t\t\t\t\t<img decoding=\"async\" width=\"1000\" height=\"984\" src=\"https:\/\/localion.de\/wp-content\/uploads\/2025\/09\/Team-Localion.jpeg\" class=\"attachment-1536x1536 size-1536x1536 wp-image-4796\" alt=\"\" srcset=\"https:\/\/localion.de\/wp-content\/uploads\/2025\/09\/Team-Localion.jpeg 1000w, https:\/\/localion.de\/wp-content\/uploads\/2025\/09\/Team-Localion-300x295.jpeg 300w, https:\/\/localion.de\/wp-content\/uploads\/2025\/09\/Team-Localion-768x756.jpeg 768w, https:\/\/localion.de\/wp-content\/uploads\/2025\/09\/Team-Localion-12x12.jpeg 12w\" sizes=\"(max-width: 1000px) 100vw, 1000px\" \/>\t\t\t\t\t\t\t\t\t\t\t\t\t\t\t<\/div>\n\t\t\t\t<\/div>\n\t\t\t\t<div class=\"elementor-element elementor-element-bdf5e21 hero-clipPathMobile elementor-widget elementor-widget-html\" data-id=\"bdf5e21\" data-element_type=\"widget\" data-e-type=\"widget\" data-widget_type=\"html.default\">\n\t\t\t\t<div class=\"elementor-widget-container\">\n\t\t\t\t\t<svg width=\"0\" height=\"0\">\n  <clippath id=\"svgClipDesktop\" clippathunits=\"objectBoundingBox\"><path d=\"m1,0 h-0.594 l-0.126,0.128 L0.068,0.342 c-0.093,0.094,-0.09,0.245,0.005,0.336 l0.207,0.196,0.133,0.126 h0.587 V0\"><\/path><\/clippath>\n<\/svg>\n\n<svg width=\"0\" height=\"0\">\n    <clippath id=\"svgClipMobile\" clippathunits=\"objectBoundingBox\">\n        <path d=\"M0.796,0 H0.473 H0 v0.262 v0.439 l0.076,0.132 c0.092,0.159,0.296,0.214,0.455,0.122 L1,0.685 v-0.438 V0 H0.796\"><\/path>\n    <\/clippath>\n<\/svg>\t\t\t\t<\/div>\n\t\t\t\t<\/div>\n\t\t\t\t\t<\/div>\n\t\t\t\t<\/div>\n\t\t\t\t\t<\/div>\n\t\t\t\t<\/div>\n\t\t<div class=\"elementor-element elementor-element-cb30b0e anchor-section e-flex e-con-boxed e-con e-parent\" data-id=\"cb30b0e\" data-element_type=\"container\" data-e-type=\"container\" data-settings=\"{&quot;jet_parallax_layout_list&quot;:[]}\">\n\t\t\t\t\t<div class=\"e-con-inner\">\n\t\t\t\t<div class=\"elementor-element elementor-element-fa0b130 anchor elementor-widget elementor-widget-menu-anchor\" data-id=\"fa0b130\" data-element_type=\"widget\" data-e-type=\"widget\" data-widget_type=\"menu-anchor.default\">\n\t\t\t\t<div class=\"elementor-widget-container\">\n\t\t\t\t\t\t\t<div class=\"elementor-menu-anchor\" id=\"ueber-uns\"><\/div>\n\t\t\t\t\t\t<\/div>\n\t\t\t\t<\/div>\n\t\t\t\t\t<\/div>\n\t\t\t\t<\/div>\n\t\t<div class=\"elementor-element elementor-element-0024bdb section dark counter-section e-flex e-con-boxed e-con e-parent\" data-id=\"0024bdb\" data-element_type=\"container\" data-e-type=\"container\" data-settings=\"{&quot;background_background&quot;:&quot;classic&quot;,&quot;jet_parallax_layout_list&quot;:[]}\">\n\t\t\t\t\t<div class=\"e-con-inner\">\n\t\t\t\t<div class=\"elementor-element elementor-element-ef8de1d logo-pattern elementor-widget elementor-widget-image\" data-id=\"ef8de1d\" data-element_type=\"widget\" data-e-type=\"widget\" data-widget_type=\"image.default\">\n\t\t\t\t<div class=\"elementor-widget-container\">\n\t\t\t\t\t\t\t\t\t\t\t\t\t\t\t<img decoding=\"async\" width=\"800\" height=\"580\" src=\"https:\/\/localion.de\/wp-content\/uploads\/2023\/09\/background-pattern-logo-arrow.svg\" class=\"attachment-large size-large wp-image-868\" alt=\"\" \/>\t\t\t\t\t\t\t\t\t\t\t\t\t\t\t<\/div>\n\t\t\t\t<\/div>\n\t\t<div class=\"elementor-element elementor-element-36dac22 e-con-full e-flex e-con e-child\" data-id=\"36dac22\" data-element_type=\"container\" data-e-type=\"container\" data-settings=\"{&quot;background_background&quot;:&quot;classic&quot;,&quot;jet_parallax_layout_list&quot;:[]}\">\n\t\t<div class=\"elementor-element elementor-element-9cdef02 e-flex e-con-boxed e-con e-child\" data-id=\"9cdef02\" data-element_type=\"container\" data-e-type=\"container\" data-settings=\"{&quot;jet_parallax_layout_list&quot;:[]}\">\n\t\t\t\t\t<div class=\"e-con-inner\">\n\t\t\t\t<div class=\"elementor-element elementor-element-21bd7b1 font-size-h2 elementor-widget elementor-widget-heading\" data-id=\"21bd7b1\" data-element_type=\"widget\" data-e-type=\"widget\" data-widget_type=\"heading.default\">\n\t\t\t\t<div class=\"elementor-widget-container\">\n\t\t\t\t\t<h2 class=\"elementor-heading-title elementor-size-default\">Who we are<\/h2>\t\t\t\t<\/div>\n\t\t\t\t<\/div>\n\t\t<div class=\"elementor-element elementor-element-7f7902e e-flex e-con-boxed e-con e-child\" data-id=\"7f7902e\" data-element_type=\"container\" data-e-type=\"container\" data-settings=\"{&quot;jet_parallax_layout_list&quot;:[]}\">\n\t\t\t\t\t<div class=\"e-con-inner\">\n\t\t\t\t<div class=\"elementor-element elementor-element-a778de1 elementor-widget elementor-widget-heading\" data-id=\"a778de1\" data-element_type=\"widget\" data-e-type=\"widget\" data-widget_type=\"heading.default\">\n\t\t\t\t<div class=\"elementor-widget-container\">\n\t\t\t\t\t<p class=\"elementor-heading-title elementor-size-default\">Founded more than 20 years ago as a spin-off of the Fraunhofer Institute, we are passionate about optimising processes with a spatial reference in the areas of logistics and mobility.<\/p>\t\t\t\t<\/div>\n\t\t\t\t<\/div>\n\t\t\t\t<div class=\"elementor-element elementor-element-774de8e elementor-widget elementor-widget-heading\" data-id=\"774de8e\" data-element_type=\"widget\" data-e-type=\"widget\" data-widget_type=\"heading.default\">\n\t\t\t\t<div class=\"elementor-widget-container\">\n\t\t\t\t\t<p class=\"elementor-heading-title elementor-size-default\">Since then, we have accompanied all the innovation pushes, from the first navigation systems to the age of autonomous driving and robotics.\n<\/p>\t\t\t\t<\/div>\n\t\t\t\t<\/div>\n\t\t\t\t<div class=\"elementor-element elementor-element-7223c19 elementor-widget elementor-widget-heading\" data-id=\"7223c19\" data-element_type=\"widget\" data-e-type=\"widget\" data-widget_type=\"heading.default\">\n\t\t\t\t<div class=\"elementor-widget-container\">\n\t\t\t\t\t<p class=\"elementor-heading-title elementor-size-default\"><strong>Our innovative spirit drives us to design groundbreaking solutions and accompany our customers on their route to success.<\/strong>\n<\/p>\t\t\t\t<\/div>\n\t\t\t\t<\/div>\n\t\t\t\t\t<\/div>\n\t\t\t\t<\/div>\n\t\t\t\t\t<\/div>\n\t\t\t\t<\/div>\n\t\t<div class=\"elementor-element elementor-element-f57d027 e-grid e-con-boxed e-con e-child\" data-id=\"f57d027\" data-element_type=\"container\" data-e-type=\"container\" data-settings=\"{&quot;jet_parallax_layout_list&quot;:[]}\">\n\t\t\t\t\t<div class=\"e-con-inner\">\n\t\t\t\t<div class=\"elementor-element elementor-element-ed8c769 dark-mode elementor-widget elementor-widget-counter\" data-id=\"ed8c769\" data-element_type=\"widget\" data-e-type=\"widget\" data-widget_type=\"counter.default\">\n\t\t\t\t<div class=\"elementor-widget-container\">\n\t\t\t\t\t\t\t<div class=\"elementor-counter\">\n\t\t\t<div class=\"elementor-counter-title\">Experience<\/div>\t\t\t<div class=\"elementor-counter-number-wrapper\">\n\t\t\t\t<span class=\"elementor-counter-number-prefix\">+<\/span>\n\t\t\t\t<span class=\"elementor-counter-number\" data-duration=\"2000\" data-to-value=\"20\" data-from-value=\"0\" data-delimiter=\".\">0<\/span>\n\t\t\t\t<span class=\"elementor-counter-number-suffix\"><\/span>\n\t\t\t<\/div>\n\t\t<\/div>\n\t\t\t\t\t\t<\/div>\n\t\t\t\t<\/div>\n\t\t\t\t<div class=\"elementor-element elementor-element-a3437d7 dark-mode elementor-widget elementor-widget-counter\" data-id=\"a3437d7\" data-element_type=\"widget\" data-e-type=\"widget\" data-widget_type=\"counter.default\">\n\t\t\t\t<div class=\"elementor-widget-container\">\n\t\t\t\t\t\t\t<div class=\"elementor-counter\">\n\t\t\t<div class=\"elementor-counter-title\">Projects<\/div>\t\t\t<div class=\"elementor-counter-number-wrapper\">\n\t\t\t\t<span class=\"elementor-counter-number-prefix\">+<\/span>\n\t\t\t\t<span class=\"elementor-counter-number\" data-duration=\"2000\" data-to-value=\"1100\" data-from-value=\"0\" data-delimiter=\".\">0<\/span>\n\t\t\t\t<span class=\"elementor-counter-number-suffix\"><\/span>\n\t\t\t<\/div>\n\t\t<\/div>\n\t\t\t\t\t\t<\/div>\n\t\t\t\t<\/div>\n\t\t\t\t<div class=\"elementor-element elementor-element-c6df011 dark-mode elementor-widget elementor-widget-counter\" data-id=\"c6df011\" data-element_type=\"widget\" data-e-type=\"widget\" data-widget_type=\"counter.default\">\n\t\t\t\t<div class=\"elementor-widget-container\">\n\t\t\t\t\t\t\t<div class=\"elementor-counter\">\n\t\t\t<div class=\"elementor-counter-title\">Heads<\/div>\t\t\t<div class=\"elementor-counter-number-wrapper\">\n\t\t\t\t<span class=\"elementor-counter-number-prefix\">+<\/span>\n\t\t\t\t<span class=\"elementor-counter-number\" data-duration=\"2000\" data-to-value=\"45\" data-from-value=\"0\" data-delimiter=\".\">0<\/span>\n\t\t\t\t<span class=\"elementor-counter-number-suffix\"><\/span>\n\t\t\t<\/div>\n\t\t<\/div>\n\t\t\t\t\t\t<\/div>\n\t\t\t\t<\/div>\n\t\t\t\t<div class=\"elementor-element elementor-element-15ef60e dark-mode elementor-widget elementor-widget-counter\" data-id=\"15ef60e\" data-element_type=\"widget\" data-e-type=\"widget\" data-widget_type=\"counter.default\">\n\t\t\t\t<div class=\"elementor-widget-container\">\n\t\t\t\t\t\t\t<div class=\"elementor-counter\">\n\t\t\t<div class=\"elementor-counter-title\">Customers<\/div>\t\t\t<div class=\"elementor-counter-number-wrapper\">\n\t\t\t\t<span class=\"elementor-counter-number-prefix\">+<\/span>\n\t\t\t\t<span class=\"elementor-counter-number\" data-duration=\"2000\" data-to-value=\"250\" data-from-value=\"0\" data-delimiter=\".\">0<\/span>\n\t\t\t\t<span class=\"elementor-counter-number-suffix\"><\/span>\n\t\t\t<\/div>\n\t\t<\/div>\n\t\t\t\t\t\t<\/div>\n\t\t\t\t<\/div>\n\t\t\t\t\t<\/div>\n\t\t\t\t<\/div>\n\t\t\t\t<\/div>\n\t\t\t\t<div class=\"elementor-element elementor-element-20cb5ff test-3 elementor-widget elementor-widget-html\" data-id=\"20cb5ff\" data-element_type=\"widget\" data-e-type=\"widget\" data-widget_type=\"html.default\">\n\t\t\t\t<div class=\"elementor-widget-container\">\n\t\t\t\t\t<div class=\"blending-group-wrapper\">\n    <div class=\"main-shapes-wrapper\">\n        <div class=\"shape shape-3\"><\/div>\n        <div class=\"shape shape-2\"><\/div>\n        <div class=\"shape shape-1\"><\/div>\n    <\/div>\n<\/div>\t\t\t\t<\/div>\n\t\t\t\t<\/div>\n\t\t\t\t\t<\/div>\n\t\t\t\t<\/div>\n\t\t<div class=\"elementor-element elementor-element-d0c2057 anchor-section e-flex e-con-boxed e-con e-parent\" data-id=\"d0c2057\" data-element_type=\"container\" data-e-type=\"container\" data-settings=\"{&quot;jet_parallax_layout_list&quot;:[]}\">\n\t\t\t\t\t<div class=\"e-con-inner\">\n\t\t\t\t<div class=\"elementor-element elementor-element-313c98e anchor elementor-widget elementor-widget-menu-anchor\" data-id=\"313c98e\" data-element_type=\"widget\" data-e-type=\"widget\" data-widget_type=\"menu-anchor.default\">\n\t\t\t\t<div class=\"elementor-widget-container\">\n\t\t\t\t\t\t\t<div class=\"elementor-menu-anchor\" id=\"vision\"><\/div>\n\t\t\t\t\t\t<\/div>\n\t\t\t\t<\/div>\n\t\t\t\t\t<\/div>\n\t\t\t\t<\/div>\n\t\t<div class=\"elementor-element elementor-element-078c6a4 section reset-bottom offset-img-y e-flex e-con-boxed e-con e-parent\" data-id=\"078c6a4\" data-element_type=\"container\" data-e-type=\"container\" data-settings=\"{&quot;jet_parallax_layout_list&quot;:[]}\">\n\t\t\t\t\t<div class=\"e-con-inner\">\n\t\t<div class=\"elementor-element elementor-element-b265758 offset-image-box e-flex e-con-boxed e-con e-child\" data-id=\"b265758\" data-element_type=\"container\" data-e-type=\"container\" data-settings=\"{&quot;jet_parallax_layout_list&quot;:[]}\">\n\t\t\t\t\t<div class=\"e-con-inner\">\n\t\t\t\t<div class=\"elementor-element elementor-element-77b29d9 elementor-widget elementor-widget-image\" data-id=\"77b29d9\" data-element_type=\"widget\" data-e-type=\"widget\" data-widget_type=\"image.default\">\n\t\t\t\t<div class=\"elementor-widget-container\">\n\t\t\t\t\t\t\t\t\t\t\t\t\t\t\t<img decoding=\"async\" width=\"1920\" height=\"1080\" src=\"https:\/\/localion.de\/wp-content\/uploads\/2023\/09\/strasse-zukunft-vernetzt-technologie-bei-sonnenaufgang.jpg\" class=\"attachment-full size-full wp-image-2831\" alt=\"road-future-networked-technology-at-sunrise\" srcset=\"https:\/\/localion.de\/wp-content\/uploads\/2023\/09\/strasse-zukunft-vernetzt-technologie-bei-sonnenaufgang.jpg 1920w, https:\/\/localion.de\/wp-content\/uploads\/2023\/09\/strasse-zukunft-vernetzt-technologie-bei-sonnenaufgang-300x169.jpg 300w, https:\/\/localion.de\/wp-content\/uploads\/2023\/09\/strasse-zukunft-vernetzt-technologie-bei-sonnenaufgang-1024x576.jpg 1024w, https:\/\/localion.de\/wp-content\/uploads\/2023\/09\/strasse-zukunft-vernetzt-technologie-bei-sonnenaufgang-768x432.jpg 768w, https:\/\/localion.de\/wp-content\/uploads\/2023\/09\/strasse-zukunft-vernetzt-technologie-bei-sonnenaufgang-1536x864.jpg 1536w\" sizes=\"(max-width: 1920px) 100vw, 1920px\" \/>\t\t\t\t\t\t\t\t\t\t\t\t\t\t\t<\/div>\n\t\t\t\t<\/div>\n\t\t\t\t\t<\/div>\n\t\t\t\t<\/div>\n\t\t<div class=\"elementor-element elementor-element-9324104 inner-content e-flex e-con-boxed e-con e-child\" data-id=\"9324104\" data-element_type=\"container\" data-e-type=\"container\" data-settings=\"{&quot;jet_parallax_layout_list&quot;:[]}\">\n\t\t\t\t\t<div class=\"e-con-inner\">\n\t\t<div class=\"elementor-element elementor-element-886c9a9 e-flex e-con-boxed e-con e-child\" data-id=\"886c9a9\" data-element_type=\"container\" data-e-type=\"container\" data-settings=\"{&quot;jet_parallax_layout_list&quot;:[]}\">\n\t\t\t\t\t<div class=\"e-con-inner\">\n\t\t\t\t<div class=\"elementor-element elementor-element-d0d314a custom-img elementor-widget elementor-widget-image\" data-id=\"d0d314a\" data-element_type=\"widget\" data-e-type=\"widget\" data-widget_type=\"image.default\">\n\t\t\t\t<div class=\"elementor-widget-container\">\n\t\t\t\t\t\t\t\t\t\t\t\t\t\t\t<img decoding=\"async\" width=\"800\" height=\"690\" src=\"https:\/\/localion.de\/wp-content\/uploads\/2023\/09\/loclaion-favicon.svg\" class=\"attachment-large size-large wp-image-1436\" alt=\"loclaion-favicon\" \/>\t\t\t\t\t\t\t\t\t\t\t\t\t\t\t<\/div>\n\t\t\t\t<\/div>\n\t\t<div class=\"elementor-element elementor-element-bd03328 e-flex e-con-boxed e-con e-child\" data-id=\"bd03328\" data-element_type=\"container\" data-e-type=\"container\" data-settings=\"{&quot;jet_parallax_layout_list&quot;:[]}\">\n\t\t\t\t\t<div class=\"e-con-inner\">\n\t\t<div class=\"elementor-element elementor-element-dada028 e-flex e-con-boxed e-con e-child\" data-id=\"dada028\" data-element_type=\"container\" data-e-type=\"container\" data-settings=\"{&quot;jet_parallax_layout_list&quot;:[]}\">\n\t\t\t\t\t<div class=\"e-con-inner\">\n\t\t\t\t<div class=\"elementor-element elementor-element-26155eb font-size-h3 elementor-widget elementor-widget-heading\" data-id=\"26155eb\" data-element_type=\"widget\" data-e-type=\"widget\" data-widget_type=\"heading.default\">\n\t\t\t\t<div class=\"elementor-widget-container\">\n\t\t\t\t\t<h2 class=\"elementor-heading-title elementor-size-default\">Mission<\/h2>\t\t\t\t<\/div>\n\t\t\t\t<\/div>\n\t\t\t\t<div class=\"elementor-element elementor-element-67b8313 elementor-widget elementor-widget-heading\" data-id=\"67b8313\" data-element_type=\"widget\" data-e-type=\"widget\" data-widget_type=\"heading.default\">\n\t\t\t\t<div class=\"elementor-widget-container\">\n\t\t\t\t\t<p class=\"elementor-heading-title elementor-size-default\">We combine technology, data and spatial intelligence to optimise business processes and write success stories. <span style=\"font-size: var(--font-size-text);font-weight: var(--font-weight-regular);color: var(--color-brand-blue-dunkelblau);text-align: var(--text-align)\">Our expertise in location tech and digital maps enables us to develop solutions to successfully face the challenges of digital transformation. We therefore already want to create a new digital world that can be mapped in real time in the cloud, the Digital Core.<\/span><span style=\"font-size: 16px;font-weight: 400\"><\/span><br><br><br><\/p>\t\t\t\t<\/div>\n\t\t\t\t<\/div>\n\t\t\t\t\t<\/div>\n\t\t\t\t<\/div>\n\t\t\t\t\t<\/div>\n\t\t\t\t<\/div>\n\t\t\t\t\t<\/div>\n\t\t\t\t<\/div>\n\t\t\t\t\t<\/div>\n\t\t\t\t<\/div>\n\t\t\t\t\t<\/div>\n\t\t\t\t<\/div>\n\t\t<div class=\"elementor-element elementor-element-8688e91 anchor-section e-flex e-con-boxed e-con e-parent\" data-id=\"8688e91\" data-element_type=\"container\" data-e-type=\"container\" data-settings=\"{&quot;jet_parallax_layout_list&quot;:[]}\">\n\t\t\t\t\t<div class=\"e-con-inner\">\n\t\t\t\t<div class=\"elementor-element elementor-element-0634b57 anchor elementor-widget elementor-widget-menu-anchor\" data-id=\"0634b57\" data-element_type=\"widget\" data-e-type=\"widget\" data-widget_type=\"menu-anchor.default\">\n\t\t\t\t<div class=\"elementor-widget-container\">\n\t\t\t\t\t\t\t<div class=\"elementor-menu-anchor\" id=\"karriere\"><\/div>\n\t\t\t\t\t\t<\/div>\n\t\t\t\t<\/div>\n\t\t\t\t\t<\/div>\n\t\t\t\t<\/div>\n\t\t<div class=\"elementor-element elementor-element-2ebafe7 section dark e-flex e-con-boxed e-con e-parent\" data-id=\"2ebafe7\" data-element_type=\"container\" data-e-type=\"container\" data-settings=\"{&quot;jet_parallax_layout_list&quot;:[]}\">\n\t\t\t\t\t<div class=\"e-con-inner\">\n\t\t<div class=\"elementor-element elementor-element-332db1a cta-box dark e-flex e-con-boxed e-con e-child\" data-id=\"332db1a\" data-element_type=\"container\" data-e-type=\"container\" data-settings=\"{&quot;jet_parallax_layout_list&quot;:[]}\">\n\t\t\t\t\t<div class=\"e-con-inner\">\n\t\t<div class=\"elementor-element elementor-element-930bf51 e-con-full cta-box_content e-flex e-con e-child\" data-id=\"930bf51\" data-element_type=\"container\" data-e-type=\"container\" data-settings=\"{&quot;jet_parallax_layout_list&quot;:[]}\">\n\t\t\t\t<div class=\"elementor-element elementor-element-ec99dc9 elementor-widget elementor-widget-heading\" data-id=\"ec99dc9\" data-element_type=\"widget\" data-e-type=\"widget\" data-widget_type=\"heading.default\">\n\t\t\t\t<div class=\"elementor-widget-container\">\n\t\t\t\t\t<h2 class=\"elementor-heading-title elementor-size-default\">Become part of our team!<\/h2>\t\t\t\t<\/div>\n\t\t\t\t<\/div>\n\t\t\t\t<\/div>\n\t\t<div class=\"elementor-element elementor-element-4c5d4c6 cta-box_btn-groupe e-flex e-con-boxed e-con e-child\" data-id=\"4c5d4c6\" data-element_type=\"container\" data-e-type=\"container\" data-settings=\"{&quot;jet_parallax_layout_list&quot;:[]}\">\n\t\t\t\t\t<div class=\"e-con-inner\">\n\t\t\t\t<div class=\"elementor-element elementor-element-d235d8e secondary elementor-widget elementor-widget-button\" data-id=\"d235d8e\" data-element_type=\"widget\" data-e-type=\"widget\" data-widget_type=\"button.default\">\n\t\t\t\t<div class=\"elementor-widget-container\">\n\t\t\t\t\t\t\t\t\t<div class=\"elementor-button-wrapper\">\n\t\t\t\t\t<a class=\"elementor-button elementor-button-link elementor-size-sm\" href=\"https:\/\/localion.de\/en\/unternehmen\/karriere\/\">\n\t\t\t\t\t\t<span class=\"elementor-button-content-wrapper\">\n\t\t\t\t\t\t\t\t\t<span class=\"elementor-button-text\">View open positions<\/span>\n\t\t\t\t\t<\/span>\n\t\t\t\t\t<\/a>\n\t\t\t\t<\/div>\n\t\t\t\t\t\t\t\t<\/div>\n\t\t\t\t<\/div>\n\t\t\t\t\t<\/div>\n\t\t\t\t<\/div>\n\t\t\t\t\t<\/div>\n\t\t\t\t<\/div>\n\t\t\t\t\t<\/div>\n\t\t\t\t<\/div>\n\t\t\t\t<\/div>","protected":false},"excerpt":{"rendered":"<p>Unternehmen Navigating the Future with Digital Precision Unser Glaube an eine nachhaltige Zukunft der Mobilit\u00e4t treibt uns an. Wir sind davon \u00fcberzeugt, dass Mobilit\u00e4t von Menschen und G\u00fctern in Zukunft vollautomatisiert funktioniert. Unser Antrieb wird von Datenstr\u00f6men und IT-Systemen gen\u00e4hrt, die die richtige Position, den besten Weg und f\u00fcr Mensch und Umwelt das geringste Risiko [&hellip;]<\/p>\n","protected":false},"author":12,"featured_media":4796,"parent":0,"menu_order":0,"comment_status":"closed","ping_status":"closed","template":"","meta":{"inline_featured_image":false,"footnotes":""},"class_list":["post-4927","page","type-page","status-publish","has-post-thumbnail","hentry"],"_links":{"self":[{"href":"https:\/\/localion.de\/en\/wp-json\/wp\/v2\/pages\/4927","targetHints":{"allow":["GET"]}}],"collection":[{"href":"https:\/\/localion.de\/en\/wp-json\/wp\/v2\/pages"}],"about":[{"href":"https:\/\/localion.de\/en\/wp-json\/wp\/v2\/types\/page"}],"author":[{"embeddable":true,"href":"https:\/\/localion.de\/en\/wp-json\/wp\/v2\/users\/12"}],"replies":[{"embeddable":true,"href":"https:\/\/localion.de\/en\/wp-json\/wp\/v2\/comments?post=4927"}],"version-history":[{"count":0,"href":"https:\/\/localion.de\/en\/wp-json\/wp\/v2\/pages\/4927\/revisions"}],"wp:featuredmedia":[{"embeddable":true,"href":"https:\/\/localion.de\/en\/wp-json\/wp\/v2\/media\/4796"}],"wp:attachment":[{"href":"https:\/\/localion.de\/en\/wp-json\/wp\/v2\/media?parent=4927"}],"curies":[{"name":"wp","href":"https:\/\/api.w.org\/{rel}","templated":true}]}}